{"id":2532,"date":"2021-10-21T10:59:49","date_gmt":"2021-10-21T10:59:49","guid":{"rendered":"https:\/\/aireurbanoesp.com\/?page_id=2532"},"modified":"2021-10-21T11:56:01","modified_gmt":"2021-10-21T11:56:01","slug":"pqr","status":"publish","type":"page","link":"https:\/\/aireurbanoesp.com\/index.php\/pqr\/","title":{"rendered":"PQR"},"content":{"rendered":"<p>[vc_row][vc_column]<div class=\"dt-fancy-separator h1-size style-dotted accent-title-color\" style=\"width: 100%;\"><div class=\"dt-fancy-title\"><span class=\"separator-holder separator-left\"><\/span>Radique aqu\u00ed su PQR<span class=\"separator-holder separator-right\"><\/span><\/div><\/div>[vc_empty_space][vc_column_text]A trav\u00e9s de esta opci\u00f3n usted podr\u00e1 registrar su petici\u00f3n, queja o reclamo para lo cual se ha dispuesto el siguiente formato para su diligenciamiento. Se\u00f1or usuario, registre aqu\u00ed \u00fanica y exclusivamente PQR\u00b4s relacionadas con la asociaci\u00f3n Aire Urbano E.S.P.[\/vc_column_text][\/vc_column][\/vc_row][vc_row][vc_column][vc_empty_space][vc_column_text]<div class=\"forminator-ui forminator-custom-form forminator-custom-form-2530 forminator-design--default  forminator_ajax\" data-forminator-render=\"0\" data-form=\"forminator-module-2530\"><br\/><\/div><form\n\t\t\t\tid=\"forminator-module-2530\"\n\t\t\t\tclass=\"forminator-ui forminator-custom-form forminator-custom-form-2530 forminator-design--default  forminator_ajax\"\n\t\t\t\tmethod=\"post\"\n\t\t\t\tdata-forminator-render=\"0\"\n\t\t\t\tdata-form-id=\"2530\"\n\t\t\t\t\n\t\t\t\tdata-design=\"default\"\n\t\t\t\t\n\t\t\t\t\n\t\t\t\t\n\t\t\t\tdata-grid=\"open\"\n\t\t\t\tenctype=\"multipart\/form-data\"\n\t\t\t\t\n\t\t\t\tstyle=\"display: none;\"\n\t\t\t><div class=\"forminator-response-message forminator-error\" aria-hidden=\"true\"><\/div><div class=\"forminator-row\"><div id=\"date-1\" class=\"forminator-col forminator-col-12 \"><div class=\"forminator-field\"><label for=\"forminator-field-date-1-picker-69ec9a21149a8\" class=\"forminator-label\">Fecha <span class=\"forminator-required\">*<\/span><\/label><div class=\"forminator-input-with-icon\"><label for=\"forminator-field-date-1-picker-69ec9a21149a8\"><span class=\"forminator-icon-calendar\" aria-hidden=\"true\"><\/span><\/label><input autocomplete=\"off\" type=\"text\" size=\"1\" name=\"date-1\" value=\"25-04-2026\" placeholder=\"Elegir fecha\" id=\"forminator-field-date-1-picker-69ec9a21149a8\" class=\"forminator-input forminator-datepicker\" data-required=\"1\" data-format=\"dd-mm-yy\" data-restrict-type=\"all\" data-restrict=\"\" data-start-year=\"1926\" data-end-year=\"2026\" data-past-dates=\"enable\" data-start-of-week=\"1\" data-start-date=\"\" data-end-date=\"2026-04-25\" data-start-field=\"\" data-end-field=\"\" data-start-offset=\"\" data-end-offset=\"\" data-disable-date=\"\" data-disable-range=\"\" \/><\/div><\/div><\/div><\/div><div class=\"forminator-row\"><div id=\"text-1\" class=\"forminator-col forminator-col-6 \"><div class=\"forminator-field\"><label for=\"forminator-field-text-1\" class=\"forminator-label\">Primer nombre <span class=\"forminator-required\">*<\/span><\/label><input type=\"text\" name=\"text-1\" value=\"\" placeholder=\"Ingrese su primer nombre\" id=\"forminator-field-text-1\" class=\"forminator-input forminator-name--field\" data-required=\"1\" maxlength=\"10\" \/><span class=\"forminator-description\"><span data-limit=\"10\" data-type=\"characters\">0 \/ 10<\/span><\/span><\/div><\/div><div id=\"text-2\" class=\"forminator-col forminator-col-6 \"><div class=\"forminator-field\"><label for=\"forminator-field-text-2\" class=\"forminator-label\">Segundo nombre <span class=\"forminator-required\">*<\/span><\/label><input type=\"text\" name=\"text-2\" value=\"\" placeholder=\"Ingrese su segundo nombre\" id=\"forminator-field-text-2\" class=\"forminator-input forminator-name--field\" data-required=\"1\" maxlength=\"10\" \/><span class=\"forminator-description\"><span data-limit=\"10\" data-type=\"characters\">0 \/ 10<\/span><\/span><\/div><\/div><\/div><div class=\"forminator-row\"><div id=\"text-3\" class=\"forminator-col forminator-col-6 \"><div class=\"forminator-field\"><label for=\"forminator-field-text-3\" class=\"forminator-label\">Primer apellido <span class=\"forminator-required\">*<\/span><\/label><input type=\"text\" name=\"text-3\" value=\"\" placeholder=\"Ingrese su primer apellido\" id=\"forminator-field-text-3\" class=\"forminator-input forminator-name--field\" data-required=\"1\" maxlength=\"10\" \/><span class=\"forminator-description\"><span data-limit=\"10\" data-type=\"characters\">0 \/ 10<\/span><\/span><\/div><\/div><div id=\"text-4\" class=\"forminator-col forminator-col-6 \"><div class=\"forminator-field\"><label for=\"forminator-field-text-4\" class=\"forminator-label\">Segundo apellido <span class=\"forminator-required\">*<\/span><\/label><input type=\"text\" name=\"text-4\" value=\"\" placeholder=\"Ingrese su segundo apellido\" id=\"forminator-field-text-4\" class=\"forminator-input forminator-name--field\" data-required=\"1\" maxlength=\"10\" \/><span class=\"forminator-description\"><span data-limit=\"10\" data-type=\"characters\">0 \/ 10<\/span><\/span><\/div><\/div><\/div><div class=\"forminator-row\"><div id=\"text-5\" class=\"forminator-col forminator-col-12 \"><div class=\"forminator-field\"><label for=\"forminator-field-text-5\" class=\"forminator-label\">N\u00famero de documento <span class=\"forminator-required\">*<\/span><\/label><input type=\"text\" name=\"text-5\" value=\"\" placeholder=\"Ingrese su n\u00famero de c\u00e9dula\" id=\"forminator-field-text-5\" class=\"forminator-input forminator-name--field\" data-required=\"1\" maxlength=\"10\" \/><span class=\"forminator-description\"><span data-limit=\"10\" data-type=\"characters\">0 \/ 10<\/span><\/span><\/div><\/div><\/div><div class=\"forminator-row\"><div id=\"phone-1\" class=\"forminator-col forminator-col-6 \"><div class=\"forminator-field\"><label for=\"forminator-field-phone-1\" class=\"forminator-label\">N\u00famero de celular <span class=\"forminator-required\">*<\/span><\/label><input type=\"text\" name=\"phone-1\" value=\"\" placeholder=\"+57\" id=\"forminator-field-phone-1\" class=\"forminator-input forminator-field--phone\" data-required=\"1\" aria-required=\"true\" autocomplete=\"off\" data-national_mode=\"disabled\" data-country=\"CO\" data-validation=\"international\" \/><\/div><\/div><div id=\"phone-2\" class=\"forminator-col forminator-col-6 \"><div class=\"forminator-field\"><label for=\"forminator-field-phone-2\" class=\"forminator-label\">Tel\u00e9fono fijo (Opcional)<\/label><input type=\"text\" name=\"phone-2\" value=\"\" placeholder=\"Ingresa un tel\u00e9fono fijo\" id=\"forminator-field-phone-2\" class=\"forminator-input forminator-field--phone\" data-required=\"\" aria-required=\"false\" autocomplete=\"off\" maxlength=\"7\" data-validation=\"character_limit\" \/><span class=\"forminator-description\"><span data-limit=\"7\" data-type=\"\">0 \/ 7<\/span><\/span><\/div><\/div><\/div><div class=\"forminator-row\"><div id=\"email-1\" class=\"forminator-col forminator-col-12 \"><div class=\"forminator-field\"><label for=\"forminator-field-email-1\" class=\"forminator-label\">Correo electr\u00f3nico <span class=\"forminator-required\">*<\/span><\/label><input type=\"email\" name=\"email-1\" value=\"\" placeholder=\"Ingrese un correo valido\" id=\"forminator-field-email-1\" class=\"forminator-input forminator-email--field\" data-required=\"true\" aria-required=\"true\" \/><\/div><\/div><\/div><div class=\"forminator-row\"><div id=\"address-1\" class=\"forminator-col forminator-col-12 \"><div class=\"forminator-row\"><div class=\"forminator-col\"><div class=\"forminator-field\"><label for=\"forminator-field-street_address-address-1\" class=\"forminator-label\">Direcci\u00f3n <span class=\"forminator-required\">*<\/span><\/label><input type=\"text\" name=\"address-1-street_address\" placeholder=\"Ingrese una direcci\u00f3n\" id=\"forminator-field-street_address-address-1\" class=\"forminator-input\" data-required=\"1\" aria-required=\"true\" value=\"\" \/><\/div><\/div><\/div><div class=\"forminator-row\" data-multiple=\"true\"><div class=\"forminator-col forminator-col-6\"><div class=\"forminator-field\"><label for=\"forminator-field-cityaddress-1\" class=\"forminator-label\">Ciudad <span class=\"forminator-required\">*<\/span><\/label><input type=\"text\" name=\"address-1-city\" placeholder=\"Ingrese la ciudad\" id=\"forminator-field-cityaddress-1\" class=\"forminator-input\" data-required=\"1\" aria-required=\"true\" value=\"\" \/><\/div><\/div><div class=\"forminator-col forminator-col-6\"><div class=\"forminator-field\"><label for=\"forminator-field-state-address-1\" class=\"forminator-label\">Departamento <span class=\"forminator-required\">*<\/span><\/label><input type=\"text\" name=\"address-1-state\" placeholder=\"Ingrese el departamento\" id=\"forminator-field-state-address-1\" class=\"forminator-input\" data-required=\"1\" aria-required=\"true\" value=\"\" \/><\/div><\/div><\/div><\/div><\/div><div class=\"forminator-row\"><div id=\"select-1\" class=\"forminator-col forminator-col-12 \"><div class=\"forminator-field\"><label for=\"forminator-form-2530__field--select-1-label\" class=\"forminator-label\">Seleccione una opci\u00f3n <span class=\"forminator-required\">*<\/span><\/label><select id=\"forminator-form-2530__field--select-1\" class=\"forminator-select--field forminator-select2\" data-required=\"1\" name=\"select-1\" data-default-value=\"\" data-placeholder=\"Tipo de PQR\" data-search=\"false\"><option value=\"\">Tipo de PQR<\/option><option value=\"Queja\"  data-calculation=\"0\">Queja<\/option><option value=\"Petici\u00f3n\"  data-calculation=\"0\">Petici\u00f3n<\/option><option value=\"Sugerencia\"  data-calculation=\"0\">Sugerencia<\/option><option value=\"Reclamo\"  data-calculation=\"0\">Reclamo<\/option><\/select><\/div><\/div><\/div><div class=\"forminator-row\"><div id=\"textarea-1\" class=\"forminator-col forminator-col-12 \"><div class=\"forminator-field\"><label for=\"forminator-field-textarea-1\" class=\"forminator-label\">Mensaje <span class=\"forminator-required\">*<\/span><\/label><textarea name=\"textarea-1\" placeholder=\"Introduzca con m\u00e1s detalles su PQR...\" id=\"forminator-field-textarea-1\" class=\"forminator-textarea\" rows=\"6\" style=\"min-height:140px;\" maxlength=\"500\" ><\/textarea><span class=\"forminator-description\"><span data-limit=\"500\" data-type=\"characters\">0 \/ 500<\/span><\/span><\/div><\/div><\/div><div class=\"forminator-row\"><div id=\"checkbox-1\" class=\"forminator-col forminator-col-12 \"><div role=\"group\" class=\"forminator-field\" aria-labelledby=\"forminator-checkbox-group-69ec9a2114d00-label\"><h4 id=\"forminator-checkbox-group-69ec9a2114d00-label\" class=\"forminator-label\">C\u00f3mo le gustar\u00eda ser contactado<\/h4><label for=\"forminator-field-checkbox-1-1-69ec9a2114d00\" class=\"forminator-checkbox forminator-checkbox-inline\" title=\"Videollamada\"><input type=\"checkbox\" name=\"checkbox-1[]\" value=\"Videollamada\" id=\"forminator-field-checkbox-1-1-69ec9a2114d00\" data-calculation=\"0\"  \/><span class=\"forminator-checkbox-box\" aria-hidden=\"true\"><\/span><span class=\"forminator-checkbox-label\">Videollamada<\/span><\/label><label for=\"forminator-field-checkbox-1-2-69ec9a2114d00\" class=\"forminator-checkbox forminator-checkbox-inline\" title=\"Correo electr\u00f3nico\"><input type=\"checkbox\" name=\"checkbox-1[]\" value=\"Correo-electr\u00f3nico\" id=\"forminator-field-checkbox-1-2-69ec9a2114d00\" data-calculation=\"0\"  \/><span class=\"forminator-checkbox-box\" aria-hidden=\"true\"><\/span><span class=\"forminator-checkbox-label\">Correo electr\u00f3nico<\/span><\/label><label for=\"forminator-field-checkbox-1-3-69ec9a2114d00\" class=\"forminator-checkbox forminator-checkbox-inline\" title=\"Llamada\"><input type=\"checkbox\" name=\"checkbox-1[]\" value=\"Llamada\" id=\"forminator-field-checkbox-1-3-69ec9a2114d00\" data-calculation=\"0\"  \/><span class=\"forminator-checkbox-box\" aria-hidden=\"true\"><\/span><span class=\"forminator-checkbox-label\">Llamada<\/span><\/label><label for=\"forminator-field-checkbox-1-4-69ec9a2114d00\" class=\"forminator-checkbox forminator-checkbox-inline\" title=\"Cita en la asociaci\u00f3n\"><input type=\"checkbox\" name=\"checkbox-1[]\" value=\"Cita-en-la-asociaci\u00f3n\" id=\"forminator-field-checkbox-1-4-69ec9a2114d00\" data-calculation=\"0\"  \/><span class=\"forminator-checkbox-box\" aria-hidden=\"true\"><\/span><span class=\"forminator-checkbox-label\">Cita en la asociaci\u00f3n<\/span><\/label><span class=\"forminator-description\" aria-describedby=\"\">Elija una o m\u00e1s opciones<\/span><\/div><\/div><\/div><div class=\"forminator-row\"><div id=\"consent-1\" class=\"forminator-col forminator-col-12 \"><div class=\"forminator-field\"><label for=\"forminator-field-consent-1-69ec9a2114ea5\" class=\"forminator-label\">Consentimiento <span class=\"forminator-required\">*<\/span><\/label><div class=\"forminator-checkbox__wrapper\"><label for=\"forminator-field-consent-1-69ec9a2114ea5\" class=\"forminator-checkbox\" style=\"margin: 0;\" aria-labelledby=\"forminator-field-consent-1-69ec9a2114ea5__label\"><input type=\"checkbox\" name=\"consent-1\" value=\"checked\" id=\"forminator-field-consent-1-69ec9a2114ea5\" data-required=\"true\" aria-required=\"true\" \/><span class=\"forminator-checkbox-box\" aria-hidden=\"true\"><\/span><\/label><div id=\"forminator-field-consent-1-69ec9a2114ea5__label\" class=\"forminator-checkbox__label\"><div class=\"forminator-row\">\n<div id=\"consent-1\" class=\"forminator-col forminator-col-12 \">\n<div class=\"forminator-field\">\n<div class=\"forminator-checkbox__wrapper\">\n<div id=\"forminator-field-consent-1-61713c3f9c5d6__label\" class=\"forminator-checkbox__label\">\n<div class=\"forminator-row\">\n<div id=\"gdprcheckbox-1\" class=\"forminator-col forminator-col-12 \">\n<div class=\"forminator-field\">\n<p>Los datos facilitados ser\u00e1n tratados por la<strong> Asociaci\u00f3n Aire Urbano E.S.P<\/strong> para posibilitar la gesti\u00f3n de respuesta a su solicitud de informaci\u00f3n en base a su consentimiento. Si autoriza el env\u00edo de datos, la informaci\u00f3n se manejar\u00e1 en base a ampliaci\u00f3n de informaci\u00f3n de nuestra sede que vincule servicio o cualquier otro tipo de ejercicio que no infrinja los derechos de Habeas Data y que la ley otorga como lo son acceso, rectificaci\u00f3n, supresi\u00f3n, limitaci\u00f3n y oposici\u00f3n.<\/p>\n<\/div>\n<\/div>\n<\/div>\n<\/div>\n<\/div>\n<\/div>\n<\/div>\n<\/div><\/div><\/div><\/div><\/div><\/div><div class=\"forminator-row\"><div id=\"upload-1\" class=\"forminator-col forminator-col-12 \"><div class=\"forminator-field\"><label for=\"forminator-field-upload-1\" class=\"forminator-label\">Subir archivo (Max 8 MB)<\/label><div class=\"forminator-multi-upload \" data-element=\"upload-1\"><input type=\"file\" name=\"upload-1[]\" id=\"forminator-field-upload-1\" class=\"forminator-input-file forminator-field-upload-1-2530\" multiple=\"multiple\" data-method=\"ajax\" data-size=\"8000000\" data-size-message=\"El tama\u00f1o m\u00e1ximo del archivo permitido es 8 MB.\"><div class=\"forminator-multi-upload-message\" aria-hidden=\"true\"><span class=\"forminator-icon-upload\" aria-hidden=\"true\"><\/span><p>Arrastrar y soltar (o) <a class=\"forminator-upload-file--forminator-field-upload-1\" href=\"javascript:void(0)\">cambiar archivos<\/a><\/p><\/div><\/div><span class=\"forminator-description\" aria-describedby=\"forminator-field-upload-1\">Puede subir uno a m\u00e1s archivos en su solicitud<\/span><ul class=\"forminator-uploaded-files upload-container-upload-1\"><\/ul><\/div><\/div><\/div><div class=\"forminator-row\"><div id=\"captcha-1\" class=\"forminator-col forminator-col-12 \"><div class=\"forminator-g-recaptcha recaptcha-invisible\" data-theme=\"light\" data-badge=\"bottomright\" data-sitekey=\"6LeVXeMcAAAAAF--oox3speHtrA628OnkXStqSAu\" data-size=\"invisible\"><\/div> <\/div><\/div><input type=\"hidden\" name=\"referer_url\" value=\"\" \/><div class=\"forminator-row forminator-row-last\"><div class=\"forminator-col\"><div class=\"forminator-field\"><button class=\"forminator-button forminator-button-submit\">Enviar PQR a Aire Urbano<\/button><\/div><\/div><\/div><input type=\"hidden\" id=\"forminator_nonce\" name=\"forminator_nonce\" value=\"de4380e352\" \/><input type=\"hidden\" name=\"_wp_http_referer\" value=\"\/index.php\/wp-json\/wp\/v2\/pages\/2532\" \/><input type=\"hidden\" name=\"form_id\" value=\"2530\"><input type=\"hidden\" name=\"page_id\" value=\"2532\"><input type=\"hidden\" name=\"form_type\" value=\"default\"><input type=\"hidden\" name=\"current_url\" value=\"https:\/\/aireurbanoesp.com\/wp-json\/wp\/v2\/pages\/2532\/\"><input type=\"hidden\" name=\"render_id\" value=\"0\"><input type=\"hidden\" name=\"forminator-multifile-hidden\" class=\"forminator-multifile-hidden\"><input type=\"hidden\" name=\"action\" value=\"forminator_submit_form_custom-forms\"><\/form>[\/vc_column_text][\/vc_column][\/vc_row]<\/p>\n","protected":false},"excerpt":{"rendered":"<p>[vc_row][vc_column][vc_empty_space][vc_column_text]A trav\u00e9s de esta opci\u00f3n usted podr\u00e1 registrar su petici\u00f3n, queja o reclamo para lo cual se ha dispuesto el siguiente formato para su diligenciamiento. Se\u00f1or usuario, registre aqu\u00ed \u00fanica y exclusivamente PQR\u00b4s relacionadas con la asociaci\u00f3n Aire Urbano E.S.P.[\/vc_column_text][\/vc_column][\/vc_row][vc_row][vc_column][vc_empty_space][vc_column_text][\/vc_column_text][\/vc_column][\/vc_row]<\/p>\n","protected":false},"author":1,"featured_media":0,"parent":0,"menu_order":0,"comment_status":"closed","ping_status":"closed","template":"","meta":{"om_disable_all_campaigns":false,"_monsterinsights_skip_tracking":false,"_monsterinsights_sitenote_active":false,"_monsterinsights_sitenote_note":"","_monsterinsights_sitenote_category":0},"_links":{"self":[{"href":"https:\/\/aireurbanoesp.com\/index.php\/wp-json\/wp\/v2\/pages\/2532"}],"collection":[{"href":"https:\/\/aireurbanoesp.com\/index.php\/wp-json\/wp\/v2\/pages"}],"about":[{"href":"https:\/\/aireurbanoesp.com\/index.php\/wp-json\/wp\/v2\/types\/page"}],"author":[{"embeddable":true,"href":"https:\/\/aireurbanoesp.com\/index.php\/wp-json\/wp\/v2\/users\/1"}],"replies":[{"embeddable":true,"href":"https:\/\/aireurbanoesp.com\/index.php\/wp-json\/wp\/v2\/comments?post=2532"}],"version-history":[{"count":3,"href":"https:\/\/aireurbanoesp.com\/index.php\/wp-json\/wp\/v2\/pages\/2532\/revisions"}],"predecessor-version":[{"id":2536,"href":"https:\/\/aireurbanoesp.com\/index.php\/wp-json\/wp\/v2\/pages\/2532\/revisions\/2536"}],"wp:attachment":[{"href":"https:\/\/aireurbanoesp.com\/index.php\/wp-json\/wp\/v2\/media?parent=2532"}],"curies":[{"name":"wp","href":"https:\/\/api.w.org\/{rel}","templated":true}]}}