{"id":2535,"date":"2021-10-21T11:14:45","date_gmt":"2021-10-21T11:14:45","guid":{"rendered":"https:\/\/aireurbanoesp.com\/?page_id=2535"},"modified":"2021-10-21T11:16:11","modified_gmt":"2021-10-21T11:16:11","slug":"gracias","status":"publish","type":"page","link":"https:\/\/aireurbanoesp.com\/index.php\/pqr\/gracias\/","title":{"rendered":"Gracias"},"content":{"rendered":"<p>[vc_row][vc_column]\n\t\t\t<!-- START Slider Gracias REVOLUTION SLIDER 6.5.8 --><p class=\"rs-p-wp-fix\"><\/p>\n\t\t\t<rs-module-wrap id=\"rev_slider_4_1_wrapper\" data-source=\"gallery\" style=\"visibility:hidden;background:transparent;padding:0;\">\n\t\t\t\t<rs-module id=\"rev_slider_4_1\" style=\"\" data-version=\"6.5.8\">\n\t\t\t\t\t<rs-slides>\n\t\t\t\t\t\t<rs-slide style=\"position: absolute;\" data-key=\"rs-10\" data-title=\"Slide\" data-in=\"o:0;\" data-out=\"a:false;\">\n\t\t\t\t\t\t\t<img src=\"\/\/aireurbanoesp.com\/wp-content\/plugins\/revslider\/public\/assets\/assets\/dummy.png\" title=\"foto recicladores\" width=\"2560\" height=\"1440\" class=\"rev-slidebg tp-rs-img rs-lazyload\" data-lazyload=\"\/\/aireurbanoesp.com\/wp-content\/uploads\/2021\/09\/foto-recicladores-1-scaled.jpg\" data-parallax=\"off\" data-no-retina>\n<!--\n\t\t\t\t\t\t\t--><rs-layer\n\t\t\t\t\t\t\t\tid=\"slider-4-slide-10-layer-0\" \n\t\t\t\t\t\t\t\tclass=\"rs-pxl-1\"\n\t\t\t\t\t\t\t\tdata-type=\"text\"\n\t\t\t\t\t\t\t\tdata-rsp_ch=\"on\"\n\t\t\t\t\t\t\t\tdata-xy=\"x:c;xo:-1px,0,0,0;yo:491px,405px,307px,189px;\"\n\t\t\t\t\t\t\t\tdata-text=\"w:normal;s:56,46,34,20;l:70,57,43,26;fw:900;\"\n\t\t\t\t\t\t\t\tdata-frame_999=\"o:0;st:w;\"\n\t\t\t\t\t\t\t\tstyle=\"z-index:5;background-color:rgba(12,12,12,0.48);font-family:'Roboto';\"\n\t\t\t\t\t\t\t>Hemos recibido con \u00e9xito su solicitud PQR \n\t\t\t\t\t\t\t<\/rs-layer><!--\n\n\t\t\t\t\t\t\t--><rs-layer\n\t\t\t\t\t\t\t\tid=\"slider-4-slide-10-layer-1\" \n\t\t\t\t\t\t\t\tclass=\"rs-pxl-1\"\n\t\t\t\t\t\t\t\tdata-type=\"text\"\n\t\t\t\t\t\t\t\tdata-rsp_ch=\"on\"\n\t\t\t\t\t\t\t\tdata-xy=\"x:c;yo:590px,487px,370px,228px;\"\n\t\t\t\t\t\t\t\tdata-text=\"w:normal;s:28,23,17,10;l:35,28,21,12;fw:900;\"\n\t\t\t\t\t\t\t\tdata-frame_999=\"o:0;st:w;\"\n\t\t\t\t\t\t\t\tstyle=\"z-index:6;background-color:rgba(12,12,12,0.53);font-family:'Roboto';\"\n\t\t\t\t\t\t\t>Aire Urbano establecer\u00e1 comunicaci\u00f3n con usted a trav\u00e9s de los canales solicitados <br \/>\nen el diligenciamiento de su solicitud. \n\t\t\t\t\t\t\t<\/rs-layer><!--\n\n\t\t\t\t\t\t\t--><a\n\t\t\t\t\t\t\t\tid=\"slider-4-slide-10-layer-2\" \n\t\t\t\t\t\t\t\tclass=\"rs-layer rev-btn rs-pxl-1\"\n\t\t\t\t\t\t\t\thref=\"https:\/\/aireurbanoesp.com\" target=\"_self\"\n\t\t\t\t\t\t\t\tdata-type=\"button\"\n\t\t\t\t\t\t\t\tdata-rsp_ch=\"on\"\n\t\t\t\t\t\t\t\tdata-xy=\"x:c;xo:-4px,-3px,-2px,-1px;yo:705px,582px,442px,272px;\"\n\t\t\t\t\t\t\t\tdata-text=\"w:normal;s:32,26,19,11;l:75,61,46,28;fw:500;\"\n\t\t\t\t\t\t\t\tdata-dim=\"minh:0,none,none,none;\"\n\t\t\t\t\t\t\t\tdata-padding=\"r:47,39,30,19;l:47,39,30,19;\"\n\t\t\t\t\t\t\t\tdata-border=\"bos:solid;boc:rgba(255,255,255,0.35);bow:1px,1px,1px,1px;\"\n\t\t\t\t\t\t\t\tdata-frame_999=\"o:0;st:w;\"\n\t\t\t\t\t\t\t\tdata-frame_hover=\"bgc:rgba(0,0,0,0);boc:rgba(255,255,255,0.75);bor:0px,0px,0px,0px;bos:solid;bow:1px,1px,1px,1px;e:power1.inOut;\"\n\t\t\t\t\t\t\t\tstyle=\"z-index:7;background-color:#007aff;font-family:'Roboto';\"\n\t\t\t\t\t\t\t>Volver al men\u00fa principal \n\t\t\t\t\t\t\t<\/a><!--\n-->\t\t\t\t\t\t<\/rs-slide>\n\t\t\t\t\t<\/rs-slides>\n\t\t\t\t<\/rs-module>\n\t\t\t\t<script type=\"text\/javascript\">\n\t\t\t\t\tsetREVStartSize({c: 'rev_slider_4_1',rl:[1240,1024,778,480],el:[900,768,960,720],gw:[1240,1024,778,480],gh:[900,768,960,720],type:'hero',justify:'',layout:'fullscreen',offsetContainer:'',offset:'',mh:\"0\"});if (window.RS_MODULES!==undefined && window.RS_MODULES.modules!==undefined && window.RS_MODULES.modules[\"revslider41\"]!==undefined) {window.RS_MODULES.modules[\"revslider41\"].once = false;window.revapi4 = undefined;if (window.RS_MODULES.checkMinimal!==undefined) window.RS_MODULES.checkMinimal()}\n\t\t\t\t<\/script>\n\t\t\t<\/rs-module-wrap>\n\t\t\t<!-- END REVOLUTION SLIDER -->\n[\/vc_column][\/vc_row]<\/p>\n","protected":false},"excerpt":{"rendered":"<p>[vc_row][vc_column][\/vc_column][\/vc_row]<\/p>\n","protected":false},"author":1,"featured_media":0,"parent":2532,"menu_order":0,"comment_status":"closed","ping_status":"closed","template":"..\/public\/views\/revslider-page-template.php","meta":{"om_disable_all_campaigns":false,"_monsterinsights_skip_tracking":false,"_monsterinsights_sitenote_active":false,"_monsterinsights_sitenote_note":"","_monsterinsights_sitenote_category":0},"_links":{"self":[{"href":"https:\/\/aireurbanoesp.com\/index.php\/wp-json\/wp\/v2\/pages\/2535"}],"collection":[{"href":"https:\/\/aireurbanoesp.com\/index.php\/wp-json\/wp\/v2\/pages"}],"about":[{"href":"https:\/\/aireurbanoesp.com\/index.php\/wp-json\/wp\/v2\/types\/page"}],"author":[{"embeddable":true,"href":"https:\/\/aireurbanoesp.com\/index.php\/wp-json\/wp\/v2\/users\/1"}],"replies":[{"embeddable":true,"href":"https:\/\/aireurbanoesp.com\/index.php\/wp-json\/wp\/v2\/comments?post=2535"}],"version-history":[{"count":3,"href":"https:\/\/aireurbanoesp.com\/index.php\/wp-json\/wp\/v2\/pages\/2535\/revisions"}],"predecessor-version":[{"id":2541,"href":"https:\/\/aireurbanoesp.com\/index.php\/wp-json\/wp\/v2\/pages\/2535\/revisions\/2541"}],"up":[{"embeddable":true,"href":"https:\/\/aireurbanoesp.com\/index.php\/wp-json\/wp\/v2\/pages\/2532"}],"wp:attachment":[{"href":"https:\/\/aireurbanoesp.com\/index.php\/wp-json\/wp\/v2\/media?parent=2535"}],"curies":[{"name":"wp","href":"https:\/\/api.w.org\/{rel}","templated":true}]}}