{"id":47,"date":"2016-02-07T10:02:50","date_gmt":"2016-02-07T10:02:50","guid":{"rendered":"https:\/\/the7.io\/marketing-agency\/?page_id=47"},"modified":"2021-10-15T14:29:42","modified_gmt":"2021-10-15T14:29:42","slug":"services","status":"publish","type":"page","link":"https:\/\/aireurbanoesp.com\/index.php\/services\/","title":{"rendered":"Normatividad"},"content":{"rendered":"<p>[vc_row bg_type=\u00bbimage\u00bb parallax_style=\u00bbvcpb-vz-jquery\u00bb bg_image_new=\u00bbid^1900|url^https:\/\/aireurbanoesp.com\/wp-content\/uploads\/2018\/06\/trade10.jpg|caption^null|alt^null|title^trade10|description^null\u00bb parallax_sense=\u00bb40&#8243; bg_override=\u00bbex-full\u00bb enable_overlay=\u00bbenable_overlay_value\u00bb overlay_color=\u00bbrgba(0,0,0,0.6)\u00bb type=\u00bbvc_default\u00bb css=\u00bb.vc_custom_1529568827418{padding-top: 100px !important;padding-bottom: 105px !important;}\u00bb][vc_column width=\u00bb5\/6&#8243; offset=\u00bbvc_col-lg-offset-2 vc_col-lg-8 vc_col-md-offset-1 vc_col-md-10 vc_col-sm-offset-1&#8243;]<div id=\"ultimate-heading-230069ec98497f7a4\" class=\"uvc-heading ult-adjust-bottom-margin ultimate-heading-230069ec98497f7a4 uvc-7736 accent-border-color\" data-hspacer=\"line_only\"  data-halign=\"center\" style=\"text-align:center\"><div class=\"uvc-heading-spacer line_only\" style=\"margin-bottom:40px;height:3px;\"><span class=\"uvc-headings-line\" style=\"border-style:solid;border-bottom-width:3px;border-color:;width:80px;\"><\/span><\/div><div class=\"uvc-sub-heading ult-responsive\"  data-ultimate-target='.uvc-heading.ultimate-heading-230069ec98497f7a4 .uvc-sub-heading '  data-responsive-json-new='{\"font-size\":\"desktop:44px;tablet_portrait:30px;mobile_landscape:22px;\",\"line-height\":\"desktop:54px;tablet_portrait:40px;mobile_landscape:32px;\"}'  style=\"font-family:&#039;Raleway&#039;;font-weight:bold;color:#ffffff;\"><\/p>\n<p style=\"text-align: center;\"><strong>Documentaci\u00f3n<\/strong><\/p>\n<p><\/div><\/div>[\/vc_column][\/vc_row][vc_row][vc_column][vc_separator border_width=\u00bb6&#8243;][vc_empty_space height=\u00bb62px\u00bb][vc_column_text]La siguiente documentaci\u00f3n se presenta dentro de las regulaciones solicitadas por la <strong>Superintendencia de Servicios P\u00fablicos Domiciliarios<\/strong> haciendo referencia al <strong>Decreto 596 del 11 de abril de 2016<\/strong> establecido por el <strong>Ministerio de Vivienda Ciudad y Territorio en su art\u00edculo 2.3.2.5.3.6 Aspectos Administrativos M\u00ednimos, Punto 5 P\u00e1gina web<\/strong> donde se adjunta\u00a0el Contrato de condiciones uniformes del servicio p\u00fablico de aseo (CCU) para la actividad de aprovechamiento, la evoluci\u00f3n en el otorgamiento del incentivo a la separaci\u00f3n de la fuente (DINC), as\u00ed como de los rechazos y de las toneladas efectivamente aprovechadas en su zona de prestaci\u00f3n sin perjuicio de lo establecido en el art\u00edculo 2.3.2.2.4.2.112 del presente decreto.[\/vc_column_text][vc_empty_space height=\u00bb62px\u00bb][\/vc_column][\/vc_row][vc_row][vc_column width=\u00bb1\/3&#8243;][vc_column_text]<\/p>\n<p style=\"text-align: center;\"><strong>C\u00e1mara de Comercio<\/strong><\/p>\n<p>[\/vc_column_text][vc_empty_space height=\u00bb62px\u00bb][\/vc_column][vc_column width=\u00bb1\/3&#8243;][vc_column_text]<\/p>\n<p style=\"text-align: center;\"><strong>RUT Aire Urbano<\/strong><\/p>\n<p>[\/vc_column_text][vc_empty_space height=\u00bb62px\u00bb][\/vc_column][vc_column width=\u00bb1\/3&#8243;][vc_column_text]<\/p>\n<p style=\"text-align: center;\"><strong>Registro de rechazo<\/strong><\/p>\n<p>[\/vc_column_text][vc_empty_space height=\u00bb62px\u00bb][\/vc_column][\/vc_row][vc_row][vc_column width=\u00bb1\/3&#8243;][vc_column_text]<a href=\"https:\/\/aireurbanoesp.com\/wp-content\/uploads\/2021\/09\/CAMARA-DE-COMERCIO-AIREURBANO.pdf\" class=\"pdfemb-viewer\" style=\"\" data-width=\"max\" data-height=\"max\"  data-toolbar=\"bottom\" data-toolbar-fixed=\"off\">CAMARA-DE-COMERCIO-AIREURBANO<br\/><\/a>[\/vc_column_text][\/vc_column][vc_column width=\u00bb1\/3&#8243;][vc_column_text]<a href=\"https:\/\/aireurbanoesp.com\/wp-content\/uploads\/2021\/09\/RUT-AIREURBANO.pdf\" class=\"pdfemb-viewer\" style=\"\" data-width=\"max\" data-height=\"max\"  data-toolbar=\"bottom\" data-toolbar-fixed=\"off\">RUT-AIREURBANO<br\/><\/a>[\/vc_column_text][\/vc_column][vc_column width=\u00bb1\/3&#8243;][vc_column_text]<a href=\"https:\/\/aireurbanoesp.com\/wp-content\/uploads\/2021\/09\/REGISTRO-DE-RECHAZO-POR-MES-ECAS-AIRE-URBANO.pdf\" class=\"pdfemb-viewer\" style=\"\" data-width=\"max\" data-height=\"max\"  data-toolbar=\"bottom\" data-toolbar-fixed=\"off\">REGISTRO-DE-RECHAZO-POR-MES-ECAS-AIRE-URBANO<br\/><\/a>[\/vc_column_text][\/vc_column][\/vc_row][vc_row][vc_column][vc_empty_space height=\u00bb80px\u00bb][\/vc_column][\/vc_row][vc_row][vc_column width=\u00bb1\/2&#8243;][vc_column_text]<\/p>\n<p style=\"text-align: center;\"><strong>CCU &#8211; Aire Urbano<\/strong><\/p>\n<p>[\/vc_column_text][vc_empty_space height=\u00bb62px\u00bb][vc_column_text]<a href=\"https:\/\/aireurbanoesp.com\/wp-content\/uploads\/2021\/09\/CCU-AIREURBANO.pdf\" class=\"pdfemb-viewer\" style=\"\" data-width=\"max\" data-height=\"max\"  data-toolbar=\"bottom\" data-toolbar-fixed=\"off\">CCU-AIREURBANO<br\/><\/a>[\/vc_column_text][\/vc_column][vc_column width=\u00bb1\/2&#8243;][vc_column_text]<\/p>\n<p style=\"text-align: center;\"><strong>CCU Aprobado Aire Urbano<\/strong><\/p>\n<p>[\/vc_column_text][vc_empty_space height=\u00bb62px\u00bb][vc_column_text]<a href=\"https:\/\/aireurbanoesp.com\/wp-content\/uploads\/2021\/09\/CCU-APROBADO-AIREURBANO.pdf\" class=\"pdfemb-viewer\" style=\"\" data-width=\"max\" data-height=\"max\"  data-toolbar=\"bottom\" data-toolbar-fixed=\"off\">CCU-APROBADO-AIREURBANO<br\/><\/a>[\/vc_column_text][\/vc_column][\/vc_row][vc_row][vc_column][vc_empty_space height=\u00bb80px\u00bb][\/vc_column][\/vc_row]<\/p>\n","protected":false},"excerpt":{"rendered":"<p>[vc_row bg_type=\u00bbimage\u00bb parallax_style=\u00bbvcpb-vz-jquery\u00bb bg_image_new=\u00bbid^1900|url^https:\/\/aireurbanoesp.com\/wp-content\/uploads\/2018\/06\/trade10.jpg|caption^null|alt^null|title^trade10|description^null\u00bb parallax_sense=\u00bb40&#8243; bg_override=\u00bbex-full\u00bb enable_overlay=\u00bbenable_overlay_value\u00bb overlay_color=\u00bbrgba(0,0,0,0.6)\u00bb type=\u00bbvc_default\u00bb css=\u00bb.vc_custom_1529568827418{padding-top: 100px !important;padding-bottom: 105px !important;}\u00bb][vc_column width=\u00bb5\/6&#8243; offset=\u00bbvc_col-lg-offset-2 vc_col-lg-8 vc_col-md-offset-1 vc_col-md-10 vc_col-sm-offset-1&#8243;][\/vc_column][\/vc_row][vc_row][vc_column][vc_separator border_width=\u00bb6&#8243;][vc_empty_space height=\u00bb62px\u00bb][vc_column_text]La siguiente documentaci\u00f3n se presenta dentro de las regulaciones solicitadas por la Superintendencia de Servicios P\u00fablicos Domiciliarios haciendo referencia al Decreto 596 del 11 de abril de 2016 establecido por el Ministerio de Vivienda&hellip;<\/p>\n","protected":false},"author":1,"featured_media":0,"parent":0,"menu_order":20,"comment_status":"closed","ping_status":"closed","template":"","meta":{"om_disable_all_campaigns":false,"_monsterinsights_skip_tracking":false,"_monsterinsights_sitenote_active":false,"_monsterinsights_sitenote_note":"","_monsterinsights_sitenote_category":0},"_links":{"self":[{"href":"https:\/\/aireurbanoesp.com\/index.php\/wp-json\/wp\/v2\/pages\/47"}],"collection":[{"href":"https:\/\/aireurbanoesp.com\/index.php\/wp-json\/wp\/v2\/pages"}],"about":[{"href":"https:\/\/aireurbanoesp.com\/index.php\/wp-json\/wp\/v2\/types\/page"}],"author":[{"embeddable":true,"href":"https:\/\/aireurbanoesp.com\/index.php\/wp-json\/wp\/v2\/users\/1"}],"replies":[{"embeddable":true,"href":"https:\/\/aireurbanoesp.com\/index.php\/wp-json\/wp\/v2\/comments?post=47"}],"version-history":[{"count":6,"href":"https:\/\/aireurbanoesp.com\/index.php\/wp-json\/wp\/v2\/pages\/47\/revisions"}],"predecessor-version":[{"id":2302,"href":"https:\/\/aireurbanoesp.com\/index.php\/wp-json\/wp\/v2\/pages\/47\/revisions\/2302"}],"wp:attachment":[{"href":"https:\/\/aireurbanoesp.com\/index.php\/wp-json\/wp\/v2\/media?parent=47"}],"curies":[{"name":"wp","href":"https:\/\/api.w.org\/{rel}","templated":true}]}}